{"id":396,"date":"2024-07-28T14:17:49","date_gmt":"2024-07-28T13:17:49","guid":{"rendered":"https:\/\/voilareunion.re\/forfaits-vacances-a-la-reunion\/"},"modified":"2024-09-26T08:08:18","modified_gmt":"2024-09-26T07:08:18","slug":"forfaits-vacances-a-la-reunion","status":"publish","type":"page","link":"https:\/\/voilareunion.re\/?page_id=396&lang=fr","title":{"rendered":"Forfaits vacances \u00e0 La R\u00e9union"},"content":{"rendered":"\n<div class=\"row\"  id=\"row-1176973924\">\n\n\n\t<div id=\"col-1428334008\" class=\"col medium-8 small-12 large-8\"  >\n\t\t\t\t<div class=\"col-inner\"  >\n\t\t\t\n\t\t\t\n\n\t<div class=\"img has-hover x md-x lg-x y md-y lg-y\" id=\"image_1461899677\">\n\t\t\t\t\t\t\t\t<div class=\"img-inner dark\" >\n\t\t\t<img loading=\"lazy\" decoding=\"async\" width=\"1020\" height=\"255\" src=\"https:\/\/voilareunion.re\/wp-content\/uploads\/2024\/08\/3-1-1024x256.jpg\" class=\"attachment-large size-large\" alt=\"\" srcset=\"https:\/\/voilareunion.re\/wp-content\/uploads\/2024\/08\/3-1-1024x256.jpg 1024w, https:\/\/voilareunion.re\/wp-content\/uploads\/2024\/08\/3-1-300x75.jpg 300w, https:\/\/voilareunion.re\/wp-content\/uploads\/2024\/08\/3-1-768x192.jpg 768w, https:\/\/voilareunion.re\/wp-content\/uploads\/2024\/08\/3-1-1536x384.jpg 1536w, https:\/\/voilareunion.re\/wp-content\/uploads\/2024\/08\/3-1.jpg 1584w\" sizes=\"auto, (max-width: 1020px) 100vw, 1020px\" \/>\t\t\t\t\t\t\n\t\t\t\t\t<\/div>\n\t\t\t\t\t\t\t\t\n<style>\n#image_1461899677 {\n  width: 100%;\n}\n<\/style>\n\t<\/div>\n\t\n\n<div class=\"container section-title-container\" ><h1 class=\"section-title section-title-normal\"><b><\/b><span class=\"section-title-main\" >Planifiez votre voyage de r\u00eave \u00e0 la R\u00e9union<\/span><b><\/b><\/h1><\/div>\n\n<p>Planifier soi-m\u00eame un voyage peut prendre beaucoup de temps. Surtout \u00e0 La R\u00e9union, o\u00f9 chaque \u00e9tape du voyage doit \u00eatre soigneusement pens\u00e9e pour d\u00e9couvrir les diverses facettes de l&#8217;\u00eele. Des paysages volcaniques majestueux aux magnifiques plages et aux march\u00e9s anim\u00e9s, l\u2019\u00eele a tant \u00e0 offrir !  <\/p>\n<p>Pour vous faire gagner du temps, de nombreux forfaits sont propos\u00e9s \u00e0 la R\u00e9union. Ces forfaits sont parfaitement adapt\u00e9s \u00e0 vos besoins et vous permettent de profiter sans stress des plus beaux coins de l&#8217;\u00eele. <\/p>\n<p>Nous travaillons actuellement sur une s\u00e9lection compl\u00e8te des meilleurs prestataires de forfaits vacances \u00e0 la R\u00e9union, que nous publierons ici prochainement. R\u00e9jouissez-vous d&#8217;offres soigneusement \u00e9labor\u00e9es qui vous garantissent des exp\u00e9riences inoubliables sur cette \u00eele enchanteresse. <\/p>\n<p>Restez connect\u00e9s et laissez-vous inspirer : votre voyage de r\u00eave \u00e0 la R\u00e9union est \u00e0 port\u00e9e de clic ! \u2708\ufe0f <\/p>\n\n\t\t<\/div>\n\t\t\t\t\t<\/div>\n\n\t\n\n\t<div id=\"col-145563519\" class=\"col medium-4 small-12 large-4\"  >\n\t\t\t\t<div class=\"col-inner\"  >\n\t\t\t\n\t\t\t\n\n\n  \n    <div class=\"row large-columns-2 medium-columns-1 small-columns-1 slider row-slider slider-nav-reveal slider-nav-push\"  data-flickity-options='{&quot;imagesLoaded&quot;: true, &quot;groupCells&quot;: &quot;100%&quot;, &quot;dragThreshold&quot; : 5, &quot;cellAlign&quot;: &quot;left&quot;,&quot;wrapAround&quot;: true,&quot;prevNextButtons&quot;: true,&quot;percentPosition&quot;: true,&quot;pageDots&quot;: false, &quot;rightToLeft&quot;: false, &quot;autoPlay&quot; : false}' >\n\n  <div class=\"col post-item\" >\n\t\t\t<div class=\"col-inner\">\n\t\t\t\t<div class=\"box box-normal box-text-bottom box-blog-post has-hover\">\n            \t\t\t\t\t<div class=\"box-image\" >\n  \t\t\t\t\t\t<div class=\"image-cover\" style=\"padding-top:56.25%;\">\n\t\t\t\t\t\t\t<a href=\"https:\/\/voilareunion.re\/?p=1217\" class=\"plain\" aria-label=\"Wer ist Grand-m\u00e8re Kalle? Das Geheimnis der unheimlichsten Legende von La R\u00e9union\">\n\t\t\t\t\t\t\t\t<img loading=\"lazy\" decoding=\"async\" width=\"300\" height=\"300\" src=\"https:\/\/voilareunion.re\/wp-content\/uploads\/2024\/10\/3-300x300.png\" class=\"attachment-medium size-medium wp-post-image\" alt=\"SagenLaReunnion\" srcset=\"https:\/\/voilareunion.re\/wp-content\/uploads\/2024\/10\/3-300x300.png 300w, https:\/\/voilareunion.re\/wp-content\/uploads\/2024\/10\/3-1024x1024.png 1024w, https:\/\/voilareunion.re\/wp-content\/uploads\/2024\/10\/3-150x150.png 150w, https:\/\/voilareunion.re\/wp-content\/uploads\/2024\/10\/3-768x768.png 768w, https:\/\/voilareunion.re\/wp-content\/uploads\/2024\/10\/3.png 1080w\" sizes=\"auto, (max-width: 300px) 100vw, 300px\" \/>\t\t\t\t\t\t\t<\/a>\n  \t\t\t\t\t\t\t  \t\t\t\t\t\t\t  \t\t\t\t\t\t<\/div>\n  \t\t\t\t\t\t  \t\t\t\t\t<\/div>\n          \t\t\t\t\t<div class=\"box-text text-center\" >\n\t\t\t\t\t<div class=\"box-text-inner blog-post-inner\">\n\n\t\t\t\t\t\n\t\t\t\t\t\t\t\t\t\t<h5 class=\"post-title is-large \">\n\t\t\t\t\t\t<a href=\"https:\/\/voilareunion.re\/?p=1217\" class=\"plain\">Wer ist Grand-m\u00e8re Kalle? Das Geheimnis der unheimlichsten Legende von La R\u00e9union<\/a>\n\t\t\t\t\t<\/h5>\n\t\t\t\t\t\t\t\t\t\t<div class=\"is-divider\"><\/div>\n\t\t\t\t\t                    \n\t\t\t\t\t\n\t\t\t\t\t\n\t\t\t\t\t<\/div>\n\t\t\t\t\t<\/div>\n\t\t\t\t\t\t\t\t\t<\/div>\n\t\t\t<\/div>\n\t\t<\/div><div class=\"col post-item\" >\n\t\t\t<div class=\"col-inner\">\n\t\t\t\t<div class=\"box box-normal box-text-bottom box-blog-post has-hover\">\n            \t\t\t\t\t<div class=\"box-image\" >\n  \t\t\t\t\t\t<div class=\"image-cover\" style=\"padding-top:56.25%;\">\n\t\t\t\t\t\t\t<a href=\"https:\/\/voilareunion.re\/?p=1177\" class=\"plain\" aria-label=\"Der Talkessel Cilaos: Ein idyllisches Bergparadies auf R\u00e9union\">\n\t\t\t\t\t\t\t\t<img loading=\"lazy\" decoding=\"async\" width=\"300\" height=\"202\" src=\"https:\/\/voilareunion.re\/wp-content\/uploads\/2024\/10\/Cilaos-1-300x202.png\" class=\"attachment-medium size-medium wp-post-image\" alt=\"Der Talkessel Cilaos\" srcset=\"https:\/\/voilareunion.re\/wp-content\/uploads\/2024\/10\/Cilaos-1-300x202.png 300w, https:\/\/voilareunion.re\/wp-content\/uploads\/2024\/10\/Cilaos-1-1024x690.png 1024w, https:\/\/voilareunion.re\/wp-content\/uploads\/2024\/10\/Cilaos-1-768x518.png 768w, https:\/\/voilareunion.re\/wp-content\/uploads\/2024\/10\/Cilaos-1.png 1080w\" sizes=\"auto, (max-width: 300px) 100vw, 300px\" \/>\t\t\t\t\t\t\t<\/a>\n  \t\t\t\t\t\t\t  \t\t\t\t\t\t\t  \t\t\t\t\t\t<\/div>\n  \t\t\t\t\t\t  \t\t\t\t\t<\/div>\n          \t\t\t\t\t<div class=\"box-text text-center\" >\n\t\t\t\t\t<div class=\"box-text-inner blog-post-inner\">\n\n\t\t\t\t\t\n\t\t\t\t\t\t\t\t\t\t<h5 class=\"post-title is-large \">\n\t\t\t\t\t\t<a href=\"https:\/\/voilareunion.re\/?p=1177\" class=\"plain\">Der Talkessel Cilaos: Ein idyllisches Bergparadies auf R\u00e9union<\/a>\n\t\t\t\t\t<\/h5>\n\t\t\t\t\t\t\t\t\t\t<div class=\"is-divider\"><\/div>\n\t\t\t\t\t                    \n\t\t\t\t\t\n\t\t\t\t\t\n\t\t\t\t\t<\/div>\n\t\t\t\t\t<\/div>\n\t\t\t\t\t\t\t\t\t<\/div>\n\t\t\t<\/div>\n\t\t<\/div><div class=\"col post-item\" >\n\t\t\t<div class=\"col-inner\">\n\t\t\t\t<div class=\"box box-normal box-text-bottom box-blog-post has-hover\">\n            \t\t\t\t\t<div class=\"box-image\" >\n  \t\t\t\t\t\t<div class=\"image-cover\" style=\"padding-top:56.25%;\">\n\t\t\t\t\t\t\t<a href=\"https:\/\/voilareunion.re\/?p=1139\" class=\"plain\" aria-label=\"Wale in La R\u00e9union: Ein Wunder der Natur\">\n\t\t\t\t\t\t\t\t<img loading=\"lazy\" decoding=\"async\" width=\"300\" height=\"247\" src=\"https:\/\/voilareunion.re\/wp-content\/uploads\/2024\/10\/PicWhaleVideo-1-300x247.jpg\" class=\"attachment-medium size-medium wp-post-image\" alt=\"\" srcset=\"https:\/\/voilareunion.re\/wp-content\/uploads\/2024\/10\/PicWhaleVideo-1-300x247.jpg 300w, https:\/\/voilareunion.re\/wp-content\/uploads\/2024\/10\/PicWhaleVideo-1.jpg 524w\" sizes=\"auto, (max-width: 300px) 100vw, 300px\" \/>\t\t\t\t\t\t\t<\/a>\n  \t\t\t\t\t\t\t  \t\t\t\t\t\t\t  \t\t\t\t\t\t<\/div>\n  \t\t\t\t\t\t  \t\t\t\t\t<\/div>\n          \t\t\t\t\t<div class=\"box-text text-center\" >\n\t\t\t\t\t<div class=\"box-text-inner blog-post-inner\">\n\n\t\t\t\t\t\n\t\t\t\t\t\t\t\t\t\t<h5 class=\"post-title is-large \">\n\t\t\t\t\t\t<a href=\"https:\/\/voilareunion.re\/?p=1139\" class=\"plain\">Wale in La R\u00e9union: Ein Wunder der Natur<\/a>\n\t\t\t\t\t<\/h5>\n\t\t\t\t\t\t\t\t\t\t<div class=\"is-divider\"><\/div>\n\t\t\t\t\t                    \n\t\t\t\t\t\n\t\t\t\t\t\n\t\t\t\t\t<\/div>\n\t\t\t\t\t<\/div>\n\t\t\t\t\t\t\t\t\t<\/div>\n\t\t\t<\/div>\n\t\t<\/div><div class=\"col post-item\" >\n\t\t\t<div class=\"col-inner\">\n\t\t\t\t<div class=\"box box-normal box-text-bottom box-blog-post has-hover\">\n            \t\t\t\t\t<div class=\"box-image\" >\n  \t\t\t\t\t\t<div class=\"image-cover\" style=\"padding-top:56.25%;\">\n\t\t\t\t\t\t\t<a href=\"https:\/\/voilareunion.re\/?p=1109\" class=\"plain\" aria-label=\"Wetter auf La R\u00e9union: Ein umfassender \u00dcberblick\">\n\t\t\t\t\t\t\t\t<img loading=\"lazy\" decoding=\"async\" width=\"300\" height=\"75\" src=\"https:\/\/voilareunion.re\/wp-content\/uploads\/2024\/10\/WeatherReunion-300x75.jpg\" class=\"attachment-medium size-medium wp-post-image\" alt=\"\" srcset=\"https:\/\/voilareunion.re\/wp-content\/uploads\/2024\/10\/WeatherReunion-300x75.jpg 300w, https:\/\/voilareunion.re\/wp-content\/uploads\/2024\/10\/WeatherReunion-1024x256.jpg 1024w, https:\/\/voilareunion.re\/wp-content\/uploads\/2024\/10\/WeatherReunion-768x192.jpg 768w, https:\/\/voilareunion.re\/wp-content\/uploads\/2024\/10\/WeatherReunion-1536x384.jpg 1536w, https:\/\/voilareunion.re\/wp-content\/uploads\/2024\/10\/WeatherReunion.jpg 1584w\" sizes=\"auto, (max-width: 300px) 100vw, 300px\" \/>\t\t\t\t\t\t\t<\/a>\n  \t\t\t\t\t\t\t  \t\t\t\t\t\t\t  \t\t\t\t\t\t<\/div>\n  \t\t\t\t\t\t  \t\t\t\t\t<\/div>\n          \t\t\t\t\t<div class=\"box-text text-center\" >\n\t\t\t\t\t<div class=\"box-text-inner blog-post-inner\">\n\n\t\t\t\t\t\n\t\t\t\t\t\t\t\t\t\t<h5 class=\"post-title is-large \">\n\t\t\t\t\t\t<a href=\"https:\/\/voilareunion.re\/?p=1109\" class=\"plain\">Wetter auf La R\u00e9union: Ein umfassender \u00dcberblick<\/a>\n\t\t\t\t\t<\/h5>\n\t\t\t\t\t\t\t\t\t\t<div class=\"is-divider\"><\/div>\n\t\t\t\t\t                    \n\t\t\t\t\t\n\t\t\t\t\t\n\t\t\t\t\t<\/div>\n\t\t\t\t\t<\/div>\n\t\t\t\t\t\t\t\t\t<\/div>\n\t\t\t<\/div>\n\t\t<\/div><div class=\"col post-item\" >\n\t\t\t<div class=\"col-inner\">\n\t\t\t\t<div class=\"box box-normal box-text-bottom box-blog-post has-hover\">\n            \t\t\t\t\t<div class=\"box-image\" >\n  \t\t\t\t\t\t<div class=\"image-cover\" style=\"padding-top:56.25%;\">\n\t\t\t\t\t\t\t<a href=\"https:\/\/voilareunion.re\/?p=268\" class=\"plain\" aria-label=\"Fl\u00fcge nach La Reunion: Ihr Guide zur Anreise\">\n\t\t\t\t\t\t\t\t<img loading=\"lazy\" decoding=\"async\" width=\"300\" height=\"200\" src=\"https:\/\/voilareunion.re\/wp-content\/uploads\/2024\/04\/Reunion-300x200.jpg\" class=\"attachment-medium size-medium wp-post-image\" alt=\"\" srcset=\"https:\/\/voilareunion.re\/wp-content\/uploads\/2024\/04\/Reunion-300x200.jpg 300w, https:\/\/voilareunion.re\/wp-content\/uploads\/2024\/04\/Reunion-1024x681.jpg 1024w, https:\/\/voilareunion.re\/wp-content\/uploads\/2024\/04\/Reunion-768x511.jpg 768w, https:\/\/voilareunion.re\/wp-content\/uploads\/2024\/04\/Reunion-1536x1022.jpg 1536w, https:\/\/voilareunion.re\/wp-content\/uploads\/2024\/04\/Reunion-2048x1362.jpg 2048w\" sizes=\"auto, (max-width: 300px) 100vw, 300px\" \/>\t\t\t\t\t\t\t<\/a>\n  \t\t\t\t\t\t\t  \t\t\t\t\t\t\t  \t\t\t\t\t\t<\/div>\n  \t\t\t\t\t\t  \t\t\t\t\t<\/div>\n          \t\t\t\t\t<div class=\"box-text text-center\" >\n\t\t\t\t\t<div class=\"box-text-inner blog-post-inner\">\n\n\t\t\t\t\t\n\t\t\t\t\t\t\t\t\t\t<h5 class=\"post-title is-large \">\n\t\t\t\t\t\t<a href=\"https:\/\/voilareunion.re\/?p=268\" class=\"plain\">Fl\u00fcge nach La Reunion: Ihr Guide zur Anreise<\/a>\n\t\t\t\t\t<\/h5>\n\t\t\t\t\t\t\t\t\t\t<div class=\"is-divider\"><\/div>\n\t\t\t\t\t                    \n\t\t\t\t\t\n\t\t\t\t\t\n\t\t\t\t\t<\/div>\n\t\t\t\t\t<\/div>\n\t\t\t\t\t\t\t\t\t<\/div>\n\t\t\t<\/div>\n\t\t<\/div><div class=\"col post-item\" >\n\t\t\t<div class=\"col-inner\">\n\t\t\t\t<div class=\"box box-normal box-text-bottom box-blog-post has-hover\">\n            \t\t\t\t\t<div class=\"box-image\" >\n  \t\t\t\t\t\t<div class=\"image-cover\" style=\"padding-top:56.25%;\">\n\t\t\t\t\t\t\t<a href=\"https:\/\/voilareunion.re\/?p=542\" class=\"plain\" aria-label=\"Der Vulkan auf der Insel La R\u00e9union: Ein Naturspektakel der Extraklasse\">\n\t\t\t\t\t\t\t\t<img loading=\"lazy\" decoding=\"async\" width=\"300\" height=\"161\" src=\"https:\/\/voilareunion.re\/wp-content\/uploads\/2024\/07\/volcano-reunion123-300x161.jpg\" class=\"attachment-medium size-medium wp-post-image\" alt=\"\" srcset=\"https:\/\/voilareunion.re\/wp-content\/uploads\/2024\/07\/volcano-reunion123-300x161.jpg 300w, https:\/\/voilareunion.re\/wp-content\/uploads\/2024\/07\/volcano-reunion123-768x413.jpg 768w, https:\/\/voilareunion.re\/wp-content\/uploads\/2024\/07\/volcano-reunion123.jpg 1000w\" sizes=\"auto, (max-width: 300px) 100vw, 300px\" \/>\t\t\t\t\t\t\t<\/a>\n  \t\t\t\t\t\t\t  \t\t\t\t\t\t\t  \t\t\t\t\t\t<\/div>\n  \t\t\t\t\t\t  \t\t\t\t\t<\/div>\n          \t\t\t\t\t<div class=\"box-text text-center\" >\n\t\t\t\t\t<div class=\"box-text-inner blog-post-inner\">\n\n\t\t\t\t\t\n\t\t\t\t\t\t\t\t\t\t<h5 class=\"post-title is-large \">\n\t\t\t\t\t\t<a href=\"https:\/\/voilareunion.re\/?p=542\" class=\"plain\">Der Vulkan auf der Insel La R\u00e9union: Ein Naturspektakel der Extraklasse<\/a>\n\t\t\t\t\t<\/h5>\n\t\t\t\t\t\t\t\t\t\t<div class=\"is-divider\"><\/div>\n\t\t\t\t\t                    \n\t\t\t\t\t\n\t\t\t\t\t\n\t\t\t\t\t<\/div>\n\t\t\t\t\t<\/div>\n\t\t\t\t\t\t\t\t\t<\/div>\n\t\t\t<\/div>\n\t\t<\/div><div class=\"col post-item\" >\n\t\t\t<div class=\"col-inner\">\n\t\t\t\t<div class=\"box box-normal box-text-bottom box-blog-post has-hover\">\n            \t\t\t\t\t<div class=\"box-image\" >\n  \t\t\t\t\t\t<div class=\"image-cover\" style=\"padding-top:56.25%;\">\n\t\t\t\t\t\t\t<a href=\"https:\/\/voilareunion.re\/?p=131\" class=\"plain\" aria-label=\"Die Bourbon-Vanille und die Vanilleplantagen auf La Reunion\">\n\t\t\t\t\t\t\t\t<img loading=\"lazy\" decoding=\"async\" width=\"300\" height=\"202\" src=\"https:\/\/voilareunion.re\/wp-content\/uploads\/2024\/07\/Vanilla-Pods-300x202.png\" class=\"attachment-medium size-medium wp-post-image\" alt=\"\" srcset=\"https:\/\/voilareunion.re\/wp-content\/uploads\/2024\/07\/Vanilla-Pods-300x202.png 300w, https:\/\/voilareunion.re\/wp-content\/uploads\/2024\/07\/Vanilla-Pods.png 589w\" sizes=\"auto, (max-width: 300px) 100vw, 300px\" \/>\t\t\t\t\t\t\t<\/a>\n  \t\t\t\t\t\t\t  \t\t\t\t\t\t\t  \t\t\t\t\t\t<\/div>\n  \t\t\t\t\t\t  \t\t\t\t\t<\/div>\n          \t\t\t\t\t<div class=\"box-text text-center\" >\n\t\t\t\t\t<div class=\"box-text-inner blog-post-inner\">\n\n\t\t\t\t\t\n\t\t\t\t\t\t\t\t\t\t<h5 class=\"post-title is-large \">\n\t\t\t\t\t\t<a href=\"https:\/\/voilareunion.re\/?p=131\" class=\"plain\">Die Bourbon-Vanille und die Vanilleplantagen auf La Reunion<\/a>\n\t\t\t\t\t<\/h5>\n\t\t\t\t\t\t\t\t\t\t<div class=\"is-divider\"><\/div>\n\t\t\t\t\t                    \n\t\t\t\t\t\n\t\t\t\t\t\n\t\t\t\t\t<\/div>\n\t\t\t\t\t<\/div>\n\t\t\t\t\t\t\t\t\t<\/div>\n\t\t\t<\/div>\n\t\t<\/div><\/div>\n\n<div class=\"container section-title-container\" ><h2 class=\"section-title section-title-normal\"><b><\/b><span class=\"section-title-main\" >Unsere Touren<\/span><b><\/b><\/h2><\/div>\n\n\t<div id=\"gap-1723973186\" class=\"gap-element clearfix\" style=\"display:block; height:auto;\">\n\t\t\n<style>\n#gap-1723973186 {\n  padding-top: 30px;\n}\n<\/style>\n\t<\/div>\n\t\n\n<div class=\"row\"  id=\"row-780485735\">\n\n\n\t<div id=\"col-1501622017\" class=\"col small-12 large-12\"  >\n\t\t\t\t<div class=\"col-inner\"  >\n\t\t\t\n\t\t\t\n\n<p><!-- FareHarbor item grid of flow #1251635 --><br \/>\n<script src=\"https:\/\/fareharbor.com\/embeds\/script\/items\/voilareunion\/?full-items=yes&fallback=simple&flow=1251635\"><\/script><\/p>\n\n\t\t<\/div>\n\t\t\t\t\t<\/div>\n\n\t\n\n<\/div>\n\n\n\t\t<\/div>\n\t\t\t\t\t<\/div>\n\n\t\n\n<\/div>\n\n","protected":false},"excerpt":{"rendered":"","protected":false},"author":2,"featured_media":0,"parent":0,"menu_order":0,"comment_status":"closed","ping_status":"closed","template":"","meta":{"footnotes":""},"yst_prominent_words":[44,59,52,54,47,36,17,34,40],"class_list":["post-396","page","type-page","status-publish","hentry"],"_links":{"self":[{"href":"https:\/\/voilareunion.re\/index.php?rest_route=\/wp\/v2\/pages\/396","targetHints":{"allow":["GET"]}}],"collection":[{"href":"https:\/\/voilareunion.re\/index.php?rest_route=\/wp\/v2\/pages"}],"about":[{"href":"https:\/\/voilareunion.re\/index.php?rest_route=\/wp\/v2\/types\/page"}],"author":[{"embeddable":true,"href":"https:\/\/voilareunion.re\/index.php?rest_route=\/wp\/v2\/users\/2"}],"replies":[{"embeddable":true,"href":"https:\/\/voilareunion.re\/index.php?rest_route=%2Fwp%2Fv2%2Fcomments&post=396"}],"version-history":[{"count":5,"href":"https:\/\/voilareunion.re\/index.php?rest_route=\/wp\/v2\/pages\/396\/revisions"}],"predecessor-version":[{"id":1007,"href":"https:\/\/voilareunion.re\/index.php?rest_route=\/wp\/v2\/pages\/396\/revisions\/1007"}],"wp:attachment":[{"href":"https:\/\/voilareunion.re\/index.php?rest_route=%2Fwp%2Fv2%2Fmedia&parent=396"}],"wp:term":[{"taxonomy":"yst_prominent_words","embeddable":true,"href":"https:\/\/voilareunion.re\/index.php?rest_route=%2Fwp%2Fv2%2Fyst_prominent_words&post=396"}],"curies":[{"name":"wp","href":"https:\/\/api.w.org\/{rel}","templated":true}]}}