{"id":575,"date":"2024-07-31T20:03:33","date_gmt":"2024-07-31T19:03:33","guid":{"rendered":"https:\/\/voilareunion.re\/?page_id=575"},"modified":"2024-09-19T19:34:17","modified_gmt":"2024-09-19T18:34:17","slug":"ueber-uns","status":"publish","type":"page","link":"https:\/\/voilareunion.re\/?page_id=575","title":{"rendered":"\u00dcber uns"},"content":{"rendered":"\n<div class=\"row\"  id=\"row-320484217\">\n\n\n\t<div id=\"col-1068606213\" class=\"col small-12 large-12\"  >\n\t\t\t\t<div class=\"col-inner\"  >\n\t\t\t\n\t\t\t\n\n<div class=\"row\"  id=\"row-107058998\">\n\n\n\t<div id=\"col-1110344991\" class=\"col medium-8 small-12 large-8\"  >\n\t\t\t\t<div class=\"col-inner\"  >\n\t\t\t\n\t\t\t\n\n<div class=\"container section-title-container\" ><h1 class=\"section-title section-title-normal\"><b><\/b><span class=\"section-title-main\" >\u00dcber uns<\/span><b><\/b><\/h1><\/div>\n\n<p>Willkommen bei Ihrem lokalen Ansprechpartner f\u00fcr unvergessliche Erlebnisse auf der wundersch\u00f6nen Insel La R\u00e9union! Wir sind stolz darauf, Ihnen mit unserem Team aus erfahrenen Experten und leidenschaftlichen Inselbewohnern zur Seite zu stehen.<\/p>\n<h3 class=\"wp-block-heading\">Susanne \u2013 Ihre erfahrene Reisebegleiterin<\/h3>\n<p>Susanne ist eine wahre Weltb\u00fcrgerin mit einer Leidenschaft f\u00fcr Reisen und Kulturen. Vor 17 Jahren besuchte sie zum ersten Mal die Insel La R\u00e9union und verliebte sich sofort in deren atemberaubende Landschaften und die herzlichen Menschen.<\/p>\n<p>Mit ihrer umfangreichen Erfahrung als Reisebegleiterin und ihrer flie\u00dfenden Beherrschung der deutschen, englischen und franz\u00f6sischen Sprache ist Susanne die perfekte Begleiterin f\u00fcr Ihre Abenteuer auf La R\u00e9union. Sie kennt die versteckten Sch\u00e4tze der Insel und wei\u00df genau, wie sie Ihre Reise zu einem einzigartigen Erlebnis machen kann.<\/p>\n<h2 class=\"wp-block-heading\">Unsere Mission<\/h2>\n<p>Wir m\u00f6chten Ihnen die Sch\u00f6nheit und Vielfalt von La R\u00e9union n\u00e4herbringen. Ob Sie auf der Suche nach den besten Unterk\u00fcnften sind, ein Mietauto f\u00fcr Ihre Entdeckungstouren ben\u00f6tigen oder einfach die besten Reisetipps und eine umfassende Reisef\u00fchrung suchen \u2013 wir sind Ihr lokaler Ansprechpartner mit tiefem Insiderwissen.<\/p>\n<h3 class=\"wp-block-heading\">Warum wir?<\/h3>\n<ul class=\"wp-block-list\">\n<li><strong>Lokales Insiderwissen<\/strong>: Dank unserer tiefen Verwurzelung auf der Insel kennen wir die besten Geheimtipps und versteckten Juwelen.<\/li>\n<li><strong>Flexibilit\u00e4t und Erreichbarkeit<\/strong>: Wir sind vor Ort und jederzeit f\u00fcr Sie erreichbar, um Ihre Reise so angenehm wie m\u00f6glich zu gestalten.<\/li>\n<li><strong>Passion und Expertise<\/strong>: Mit uns haben Sie einen Begleiter an Ihrer Seite, der Ihre Reiseleidenschaft teilt und Ihnen die Insel mit Herz und Verstand n\u00e4herbringt.<\/li>\n<\/ul>\n<h2 class=\"wp-block-heading\">Ihre unvergessliche Reise beginnt hier<\/h2>\n<p>Kontaktieren Sie uns und lassen Sie uns gemeinsam Ihre Traumreise auf La R\u00e9union planen. Ob entspannte Strandausfl\u00fcge, aufregende Wanderungen durch die Vulkanlandschaften oder kulturelle Entdeckungsreisen \u2013 wir sind f\u00fcr Sie da, um Ihre Reise zu einem unvergesslichen Erlebnis zu machen.<\/p>\n<a href=\"https:\/\/voilareunion.re\/touren-und-aktivitaeten-auf-der-insel-la-reunion\/\" class=\"button primary grdbtn\"  style=\"border-radius:99px;\">\n\t\t<span>Touren<\/span>\n\t<\/a>\n\n\n\n\t\t<\/div>\n\t\t\t\t\t<\/div>\n\n\t\n\n\t<div id=\"col-1555991505\" class=\"col medium-4 small-12 large-4\"  >\n\t\t\t\t<div class=\"col-inner\"  >\n\t\t\t\n\t\t\t\n\n<div class=\"row\"  id=\"row-24874174\">\n\n\n\t<div id=\"col-1852741991\" class=\"col small-12 large-12\"  >\n\t\t\t\t<div class=\"col-inner\"  >\n\t\t\t\n\t\t\t\n\n<div class=\"container section-title-container\" style=\"margin-bottom:0px;\"><h3 class=\"section-title section-title-normal\"><b><\/b><span class=\"section-title-main\" >Unterk\u00fcnfte vergleichen<\/span><b><\/b><\/h3><\/div>\n\n\n\n<a rel=\"sponsored\" href=\"https:\/\/www.awin1.com\/cread.php?s=3738127&v=105923&q=500427&r=1734309\"><br \/>\n    <img decoding=\"async\" src=\"https:\/\/www.awin1.com\/cshow.php?s=3738127&v=105923&q=500427&r=1734309\" border=\"0\"><br \/>\n<\/a>\n\n\t<div id=\"gap-414383511\" class=\"gap-element clearfix\" style=\"display:block; height:auto;\">\n\t\t\n<style>\n#gap-414383511 {\n  padding-top: 30px;\n}\n<\/style>\n\t<\/div>\n\t\n\n<div class=\"container section-title-container\" ><h3 class=\"section-title section-title-normal\"><b><\/b><span class=\"section-title-main\" >Mehr<\/span><b><\/b><\/h3><\/div>\n\n\t<div class=\"img has-hover x md-x lg-x y md-y lg-y\" id=\"image_1114120536\">\n\t\t\t\t\t\t\t\t<div class=\"img-inner dark\" >\n\t\t\t<img loading=\"lazy\" decoding=\"async\" width=\"1020\" height=\"255\" src=\"https:\/\/voilareunion.re\/wp-content\/uploads\/2024\/07\/Touren-La-Reunion-1024x256.png\" class=\"attachment-large size-large\" alt=\"Touren, Aktivitaeten, Guides\" srcset=\"https:\/\/voilareunion.re\/wp-content\/uploads\/2024\/07\/Touren-La-Reunion-1024x256.png 1024w, https:\/\/voilareunion.re\/wp-content\/uploads\/2024\/07\/Touren-La-Reunion-300x75.png 300w, https:\/\/voilareunion.re\/wp-content\/uploads\/2024\/07\/Touren-La-Reunion-768x192.png 768w, https:\/\/voilareunion.re\/wp-content\/uploads\/2024\/07\/Touren-La-Reunion-1536x384.png 1536w, https:\/\/voilareunion.re\/wp-content\/uploads\/2024\/07\/Touren-La-Reunion.png 1584w\" sizes=\"auto, (max-width: 1020px) 100vw, 1020px\" \/>\t\t\t\t\t\t\n\t\t\t\t\t<\/div>\n\t\t\t\t\t\t\t\t\n<style>\n#image_1114120536 {\n  width: 100%;\n}\n<\/style>\n\t<\/div>\n\t\n\n\t<div class=\"img has-hover x md-x lg-x y md-y lg-y\" id=\"image_1863942942\">\n\t\t\t\t\t\t\t\t<div class=\"img-inner dark\" >\n\t\t\t<img loading=\"lazy\" decoding=\"async\" width=\"1020\" height=\"255\" src=\"https:\/\/voilareunion.re\/wp-content\/uploads\/2024\/07\/Pauschalreisen-La-Reunion-1024x256.png\" class=\"attachment-large size-large\" alt=\"Pauschalreisen, Ferienpakete, Kreuzfahrtschiffe und mehr\" srcset=\"https:\/\/voilareunion.re\/wp-content\/uploads\/2024\/07\/Pauschalreisen-La-Reunion-1024x256.png 1024w, https:\/\/voilareunion.re\/wp-content\/uploads\/2024\/07\/Pauschalreisen-La-Reunion-300x75.png 300w, https:\/\/voilareunion.re\/wp-content\/uploads\/2024\/07\/Pauschalreisen-La-Reunion-768x192.png 768w, https:\/\/voilareunion.re\/wp-content\/uploads\/2024\/07\/Pauschalreisen-La-Reunion-1536x384.png 1536w, https:\/\/voilareunion.re\/wp-content\/uploads\/2024\/07\/Pauschalreisen-La-Reunion.png 1584w\" sizes=\"auto, (max-width: 1020px) 100vw, 1020px\" \/>\t\t\t\t\t\t\n\t\t\t\t\t<\/div>\n\t\t\t\t\t\t\t\t\n<style>\n#image_1863942942 {\n  width: 100%;\n}\n<\/style>\n\t<\/div>\n\t\n\n\t<div class=\"img has-hover x md-x lg-x y md-y lg-y\" id=\"image_978869128\">\n\t\t\t\t\t\t\t\t<div class=\"img-inner dark\" >\n\t\t\t<img loading=\"lazy\" decoding=\"async\" width=\"1020\" height=\"255\" src=\"https:\/\/voilareunion.re\/wp-content\/uploads\/2024\/07\/Fluege-La-Reunion-1024x256.png\" class=\"attachment-large size-large\" alt=\"Fluege, Flug, Flugzeuge, Reisen\" srcset=\"https:\/\/voilareunion.re\/wp-content\/uploads\/2024\/07\/Fluege-La-Reunion-1024x256.png 1024w, https:\/\/voilareunion.re\/wp-content\/uploads\/2024\/07\/Fluege-La-Reunion-300x75.png 300w, https:\/\/voilareunion.re\/wp-content\/uploads\/2024\/07\/Fluege-La-Reunion-768x192.png 768w, https:\/\/voilareunion.re\/wp-content\/uploads\/2024\/07\/Fluege-La-Reunion-1536x384.png 1536w, https:\/\/voilareunion.re\/wp-content\/uploads\/2024\/07\/Fluege-La-Reunion.png 1584w\" sizes=\"auto, (max-width: 1020px) 100vw, 1020px\" \/>\t\t\t\t\t\t\n\t\t\t\t\t<\/div>\n\t\t\t\t\t\t\t\t\n<style>\n#image_978869128 {\n  width: 100%;\n}\n<\/style>\n\t<\/div>\n\t\n\n\t<div class=\"img has-hover x md-x lg-x y md-y lg-y\" id=\"image_1985225477\">\n\t\t\t\t\t\t\t\t<div class=\"img-inner dark\" >\n\t\t\t<img loading=\"lazy\" decoding=\"async\" width=\"1020\" height=\"255\" src=\"https:\/\/voilareunion.re\/wp-content\/uploads\/2024\/07\/Ferienunterkuenfte-La-Reunion-1024x256.png\" class=\"attachment-large size-large\" alt=\"Unterkuenfte, Ferienwohnungen, Hotels und mehr\" srcset=\"https:\/\/voilareunion.re\/wp-content\/uploads\/2024\/07\/Ferienunterkuenfte-La-Reunion-1024x256.png 1024w, https:\/\/voilareunion.re\/wp-content\/uploads\/2024\/07\/Ferienunterkuenfte-La-Reunion-300x75.png 300w, https:\/\/voilareunion.re\/wp-content\/uploads\/2024\/07\/Ferienunterkuenfte-La-Reunion-768x192.png 768w, https:\/\/voilareunion.re\/wp-content\/uploads\/2024\/07\/Ferienunterkuenfte-La-Reunion-1536x384.png 1536w, https:\/\/voilareunion.re\/wp-content\/uploads\/2024\/07\/Ferienunterkuenfte-La-Reunion.png 1584w\" sizes=\"auto, (max-width: 1020px) 100vw, 1020px\" \/>\t\t\t\t\t\t\n\t\t\t\t\t<\/div>\n\t\t\t\t\t\t\t\t\n<style>\n#image_1985225477 {\n  width: 100%;\n}\n<\/style>\n\t<\/div>\n\t\n\n\t<div class=\"img has-hover x md-x lg-x y md-y lg-y\" id=\"image_462916521\">\n\t\t\t\t\t\t\t\t<div class=\"img-inner dark\" >\n\t\t\t<img loading=\"lazy\" decoding=\"async\" width=\"1020\" height=\"255\" src=\"https:\/\/voilareunion.re\/wp-content\/uploads\/2024\/07\/Autovermietung-La-Reunion-1024x256.png\" class=\"attachment-large size-large\" alt=\"Autovermietung, Auto mieten, Fahrzeuge, Autovermietung\" srcset=\"https:\/\/voilareunion.re\/wp-content\/uploads\/2024\/07\/Autovermietung-La-Reunion-1024x256.png 1024w, https:\/\/voilareunion.re\/wp-content\/uploads\/2024\/07\/Autovermietung-La-Reunion-300x75.png 300w, https:\/\/voilareunion.re\/wp-content\/uploads\/2024\/07\/Autovermietung-La-Reunion-768x192.png 768w, https:\/\/voilareunion.re\/wp-content\/uploads\/2024\/07\/Autovermietung-La-Reunion-1536x384.png 1536w, https:\/\/voilareunion.re\/wp-content\/uploads\/2024\/07\/Autovermietung-La-Reunion.png 1584w\" sizes=\"auto, (max-width: 1020px) 100vw, 1020px\" \/>\t\t\t\t\t\t\n\t\t\t\t\t<\/div>\n\t\t\t\t\t\t\t\t\n<style>\n#image_462916521 {\n  width: 100%;\n}\n<\/style>\n\t<\/div>\n\t\n\n\t<div id=\"gap-1614028571\" class=\"gap-element clearfix\" style=\"display:block; height:auto;\">\n\t\t\n<style>\n#gap-1614028571 {\n  padding-top: 50px;\n}\n<\/style>\n\t<\/div>\n\t\n\n<div class=\"container section-title-container\" ><h3 class=\"section-title section-title-normal\"><b><\/b><span class=\"section-title-main\" >Blog<\/span><b><\/b><\/h3><\/div>\n\n\n  \n    <div class=\"row large-columns-2 medium-columns-1 small-columns-1 slider row-slider slider-nav-reveal slider-nav-push\"  data-flickity-options='{&quot;imagesLoaded&quot;: true, &quot;groupCells&quot;: &quot;100%&quot;, &quot;dragThreshold&quot; : 5, &quot;cellAlign&quot;: &quot;left&quot;,&quot;wrapAround&quot;: true,&quot;prevNextButtons&quot;: true,&quot;percentPosition&quot;: true,&quot;pageDots&quot;: false, &quot;rightToLeft&quot;: false, &quot;autoPlay&quot; : false}' >\n\n  <div class=\"col post-item\" >\n\t\t\t<div class=\"col-inner\">\n\t\t\t\t<div class=\"box box-normal box-text-bottom box-blog-post has-hover\">\n            \t\t\t\t\t<div class=\"box-image\" >\n  \t\t\t\t\t\t<div class=\"image-cover\" style=\"padding-top:56.25%;\">\n\t\t\t\t\t\t\t<a href=\"https:\/\/voilareunion.re\/?p=1217\" class=\"plain\" aria-label=\"Wer ist Grand-m\u00e8re Kalle? Das Geheimnis der unheimlichsten Legende von La R\u00e9union\">\n\t\t\t\t\t\t\t\t<img loading=\"lazy\" decoding=\"async\" width=\"300\" height=\"300\" src=\"https:\/\/voilareunion.re\/wp-content\/uploads\/2024\/10\/3-300x300.png\" class=\"attachment-medium size-medium wp-post-image\" alt=\"SagenLaReunnion\" srcset=\"https:\/\/voilareunion.re\/wp-content\/uploads\/2024\/10\/3-300x300.png 300w, https:\/\/voilareunion.re\/wp-content\/uploads\/2024\/10\/3-1024x1024.png 1024w, https:\/\/voilareunion.re\/wp-content\/uploads\/2024\/10\/3-150x150.png 150w, https:\/\/voilareunion.re\/wp-content\/uploads\/2024\/10\/3-768x768.png 768w, https:\/\/voilareunion.re\/wp-content\/uploads\/2024\/10\/3.png 1080w\" sizes=\"auto, (max-width: 300px) 100vw, 300px\" \/>\t\t\t\t\t\t\t<\/a>\n  \t\t\t\t\t\t\t  \t\t\t\t\t\t\t  \t\t\t\t\t\t<\/div>\n  \t\t\t\t\t\t  \t\t\t\t\t<\/div>\n          \t\t\t\t\t<div class=\"box-text text-center\" >\n\t\t\t\t\t<div class=\"box-text-inner blog-post-inner\">\n\n\t\t\t\t\t\n\t\t\t\t\t\t\t\t\t\t<h5 class=\"post-title is-large \">\n\t\t\t\t\t\t<a href=\"https:\/\/voilareunion.re\/?p=1217\" class=\"plain\">Wer ist Grand-m\u00e8re Kalle? Das Geheimnis der unheimlichsten Legende von La R\u00e9union<\/a>\n\t\t\t\t\t<\/h5>\n\t\t\t\t\t\t\t\t\t\t<div class=\"is-divider\"><\/div>\n\t\t\t\t\t                    \n\t\t\t\t\t\n\t\t\t\t\t\n\t\t\t\t\t<\/div>\n\t\t\t\t\t<\/div>\n\t\t\t\t\t\t\t\t\t<\/div>\n\t\t\t<\/div>\n\t\t<\/div><div class=\"col post-item\" >\n\t\t\t<div class=\"col-inner\">\n\t\t\t\t<div class=\"box box-normal box-text-bottom box-blog-post has-hover\">\n            \t\t\t\t\t<div class=\"box-image\" >\n  \t\t\t\t\t\t<div class=\"image-cover\" style=\"padding-top:56.25%;\">\n\t\t\t\t\t\t\t<a href=\"https:\/\/voilareunion.re\/?p=1177\" class=\"plain\" aria-label=\"Der Talkessel Cilaos: Ein idyllisches Bergparadies auf R\u00e9union\">\n\t\t\t\t\t\t\t\t<img loading=\"lazy\" decoding=\"async\" width=\"300\" height=\"202\" src=\"https:\/\/voilareunion.re\/wp-content\/uploads\/2024\/10\/Cilaos-1-300x202.png\" class=\"attachment-medium size-medium wp-post-image\" alt=\"Der Talkessel Cilaos\" srcset=\"https:\/\/voilareunion.re\/wp-content\/uploads\/2024\/10\/Cilaos-1-300x202.png 300w, https:\/\/voilareunion.re\/wp-content\/uploads\/2024\/10\/Cilaos-1-1024x690.png 1024w, https:\/\/voilareunion.re\/wp-content\/uploads\/2024\/10\/Cilaos-1-768x518.png 768w, https:\/\/voilareunion.re\/wp-content\/uploads\/2024\/10\/Cilaos-1.png 1080w\" sizes=\"auto, (max-width: 300px) 100vw, 300px\" \/>\t\t\t\t\t\t\t<\/a>\n  \t\t\t\t\t\t\t  \t\t\t\t\t\t\t  \t\t\t\t\t\t<\/div>\n  \t\t\t\t\t\t  \t\t\t\t\t<\/div>\n          \t\t\t\t\t<div class=\"box-text text-center\" >\n\t\t\t\t\t<div class=\"box-text-inner blog-post-inner\">\n\n\t\t\t\t\t\n\t\t\t\t\t\t\t\t\t\t<h5 class=\"post-title is-large \">\n\t\t\t\t\t\t<a href=\"https:\/\/voilareunion.re\/?p=1177\" class=\"plain\">Der Talkessel Cilaos: Ein idyllisches Bergparadies auf R\u00e9union<\/a>\n\t\t\t\t\t<\/h5>\n\t\t\t\t\t\t\t\t\t\t<div class=\"is-divider\"><\/div>\n\t\t\t\t\t                    \n\t\t\t\t\t\n\t\t\t\t\t\n\t\t\t\t\t<\/div>\n\t\t\t\t\t<\/div>\n\t\t\t\t\t\t\t\t\t<\/div>\n\t\t\t<\/div>\n\t\t<\/div><div class=\"col post-item\" >\n\t\t\t<div class=\"col-inner\">\n\t\t\t\t<div class=\"box box-normal box-text-bottom box-blog-post has-hover\">\n            \t\t\t\t\t<div class=\"box-image\" >\n  \t\t\t\t\t\t<div class=\"image-cover\" style=\"padding-top:56.25%;\">\n\t\t\t\t\t\t\t<a href=\"https:\/\/voilareunion.re\/?p=1139\" class=\"plain\" aria-label=\"Wale in La R\u00e9union: Ein Wunder der Natur\">\n\t\t\t\t\t\t\t\t<img loading=\"lazy\" decoding=\"async\" width=\"300\" height=\"247\" src=\"https:\/\/voilareunion.re\/wp-content\/uploads\/2024\/10\/PicWhaleVideo-1-300x247.jpg\" class=\"attachment-medium size-medium wp-post-image\" alt=\"\" srcset=\"https:\/\/voilareunion.re\/wp-content\/uploads\/2024\/10\/PicWhaleVideo-1-300x247.jpg 300w, https:\/\/voilareunion.re\/wp-content\/uploads\/2024\/10\/PicWhaleVideo-1.jpg 524w\" sizes=\"auto, (max-width: 300px) 100vw, 300px\" \/>\t\t\t\t\t\t\t<\/a>\n  \t\t\t\t\t\t\t  \t\t\t\t\t\t\t  \t\t\t\t\t\t<\/div>\n  \t\t\t\t\t\t  \t\t\t\t\t<\/div>\n          \t\t\t\t\t<div class=\"box-text text-center\" >\n\t\t\t\t\t<div class=\"box-text-inner blog-post-inner\">\n\n\t\t\t\t\t\n\t\t\t\t\t\t\t\t\t\t<h5 class=\"post-title is-large \">\n\t\t\t\t\t\t<a href=\"https:\/\/voilareunion.re\/?p=1139\" class=\"plain\">Wale in La R\u00e9union: Ein Wunder der Natur<\/a>\n\t\t\t\t\t<\/h5>\n\t\t\t\t\t\t\t\t\t\t<div class=\"is-divider\"><\/div>\n\t\t\t\t\t                    \n\t\t\t\t\t\n\t\t\t\t\t\n\t\t\t\t\t<\/div>\n\t\t\t\t\t<\/div>\n\t\t\t\t\t\t\t\t\t<\/div>\n\t\t\t<\/div>\n\t\t<\/div><div class=\"col post-item\" >\n\t\t\t<div class=\"col-inner\">\n\t\t\t\t<div class=\"box box-normal box-text-bottom box-blog-post has-hover\">\n            \t\t\t\t\t<div class=\"box-image\" >\n  \t\t\t\t\t\t<div class=\"image-cover\" style=\"padding-top:56.25%;\">\n\t\t\t\t\t\t\t<a href=\"https:\/\/voilareunion.re\/?p=1109\" class=\"plain\" aria-label=\"Wetter auf La R\u00e9union: Ein umfassender \u00dcberblick\">\n\t\t\t\t\t\t\t\t<img loading=\"lazy\" decoding=\"async\" width=\"300\" height=\"75\" src=\"https:\/\/voilareunion.re\/wp-content\/uploads\/2024\/10\/WeatherReunion-300x75.jpg\" class=\"attachment-medium size-medium wp-post-image\" alt=\"\" srcset=\"https:\/\/voilareunion.re\/wp-content\/uploads\/2024\/10\/WeatherReunion-300x75.jpg 300w, https:\/\/voilareunion.re\/wp-content\/uploads\/2024\/10\/WeatherReunion-1024x256.jpg 1024w, https:\/\/voilareunion.re\/wp-content\/uploads\/2024\/10\/WeatherReunion-768x192.jpg 768w, https:\/\/voilareunion.re\/wp-content\/uploads\/2024\/10\/WeatherReunion-1536x384.jpg 1536w, https:\/\/voilareunion.re\/wp-content\/uploads\/2024\/10\/WeatherReunion.jpg 1584w\" sizes=\"auto, (max-width: 300px) 100vw, 300px\" \/>\t\t\t\t\t\t\t<\/a>\n  \t\t\t\t\t\t\t  \t\t\t\t\t\t\t  \t\t\t\t\t\t<\/div>\n  \t\t\t\t\t\t  \t\t\t\t\t<\/div>\n          \t\t\t\t\t<div class=\"box-text text-center\" >\n\t\t\t\t\t<div class=\"box-text-inner blog-post-inner\">\n\n\t\t\t\t\t\n\t\t\t\t\t\t\t\t\t\t<h5 class=\"post-title is-large \">\n\t\t\t\t\t\t<a href=\"https:\/\/voilareunion.re\/?p=1109\" class=\"plain\">Wetter auf La R\u00e9union: Ein umfassender \u00dcberblick<\/a>\n\t\t\t\t\t<\/h5>\n\t\t\t\t\t\t\t\t\t\t<div class=\"is-divider\"><\/div>\n\t\t\t\t\t                    \n\t\t\t\t\t\n\t\t\t\t\t\n\t\t\t\t\t<\/div>\n\t\t\t\t\t<\/div>\n\t\t\t\t\t\t\t\t\t<\/div>\n\t\t\t<\/div>\n\t\t<\/div><div class=\"col post-item\" >\n\t\t\t<div class=\"col-inner\">\n\t\t\t\t<div class=\"box box-normal box-text-bottom box-blog-post has-hover\">\n            \t\t\t\t\t<div class=\"box-image\" >\n  \t\t\t\t\t\t<div class=\"image-cover\" style=\"padding-top:56.25%;\">\n\t\t\t\t\t\t\t<a href=\"https:\/\/voilareunion.re\/?p=268\" class=\"plain\" aria-label=\"Fl\u00fcge nach La Reunion: Ihr Guide zur Anreise\">\n\t\t\t\t\t\t\t\t<img loading=\"lazy\" decoding=\"async\" width=\"300\" height=\"200\" src=\"https:\/\/voilareunion.re\/wp-content\/uploads\/2024\/04\/Reunion-300x200.jpg\" class=\"attachment-medium size-medium wp-post-image\" alt=\"\" srcset=\"https:\/\/voilareunion.re\/wp-content\/uploads\/2024\/04\/Reunion-300x200.jpg 300w, https:\/\/voilareunion.re\/wp-content\/uploads\/2024\/04\/Reunion-1024x681.jpg 1024w, https:\/\/voilareunion.re\/wp-content\/uploads\/2024\/04\/Reunion-768x511.jpg 768w, https:\/\/voilareunion.re\/wp-content\/uploads\/2024\/04\/Reunion-1536x1022.jpg 1536w, https:\/\/voilareunion.re\/wp-content\/uploads\/2024\/04\/Reunion-2048x1362.jpg 2048w\" sizes=\"auto, (max-width: 300px) 100vw, 300px\" \/>\t\t\t\t\t\t\t<\/a>\n  \t\t\t\t\t\t\t  \t\t\t\t\t\t\t  \t\t\t\t\t\t<\/div>\n  \t\t\t\t\t\t  \t\t\t\t\t<\/div>\n          \t\t\t\t\t<div class=\"box-text text-center\" >\n\t\t\t\t\t<div class=\"box-text-inner blog-post-inner\">\n\n\t\t\t\t\t\n\t\t\t\t\t\t\t\t\t\t<h5 class=\"post-title is-large \">\n\t\t\t\t\t\t<a href=\"https:\/\/voilareunion.re\/?p=268\" class=\"plain\">Fl\u00fcge nach La Reunion: Ihr Guide zur Anreise<\/a>\n\t\t\t\t\t<\/h5>\n\t\t\t\t\t\t\t\t\t\t<div class=\"is-divider\"><\/div>\n\t\t\t\t\t                    \n\t\t\t\t\t\n\t\t\t\t\t\n\t\t\t\t\t<\/div>\n\t\t\t\t\t<\/div>\n\t\t\t\t\t\t\t\t\t<\/div>\n\t\t\t<\/div>\n\t\t<\/div><div class=\"col post-item\" >\n\t\t\t<div class=\"col-inner\">\n\t\t\t\t<div class=\"box box-normal box-text-bottom box-blog-post has-hover\">\n            \t\t\t\t\t<div class=\"box-image\" >\n  \t\t\t\t\t\t<div class=\"image-cover\" style=\"padding-top:56.25%;\">\n\t\t\t\t\t\t\t<a href=\"https:\/\/voilareunion.re\/?p=542\" class=\"plain\" aria-label=\"Der Vulkan auf der Insel La R\u00e9union: Ein Naturspektakel der Extraklasse\">\n\t\t\t\t\t\t\t\t<img loading=\"lazy\" decoding=\"async\" width=\"300\" height=\"161\" src=\"https:\/\/voilareunion.re\/wp-content\/uploads\/2024\/07\/volcano-reunion123-300x161.jpg\" class=\"attachment-medium size-medium wp-post-image\" alt=\"\" srcset=\"https:\/\/voilareunion.re\/wp-content\/uploads\/2024\/07\/volcano-reunion123-300x161.jpg 300w, https:\/\/voilareunion.re\/wp-content\/uploads\/2024\/07\/volcano-reunion123-768x413.jpg 768w, https:\/\/voilareunion.re\/wp-content\/uploads\/2024\/07\/volcano-reunion123.jpg 1000w\" sizes=\"auto, (max-width: 300px) 100vw, 300px\" \/>\t\t\t\t\t\t\t<\/a>\n  \t\t\t\t\t\t\t  \t\t\t\t\t\t\t  \t\t\t\t\t\t<\/div>\n  \t\t\t\t\t\t  \t\t\t\t\t<\/div>\n          \t\t\t\t\t<div class=\"box-text text-center\" >\n\t\t\t\t\t<div class=\"box-text-inner blog-post-inner\">\n\n\t\t\t\t\t\n\t\t\t\t\t\t\t\t\t\t<h5 class=\"post-title is-large \">\n\t\t\t\t\t\t<a href=\"https:\/\/voilareunion.re\/?p=542\" class=\"plain\">Der Vulkan auf der Insel La R\u00e9union: Ein Naturspektakel der Extraklasse<\/a>\n\t\t\t\t\t<\/h5>\n\t\t\t\t\t\t\t\t\t\t<div class=\"is-divider\"><\/div>\n\t\t\t\t\t                    \n\t\t\t\t\t\n\t\t\t\t\t\n\t\t\t\t\t<\/div>\n\t\t\t\t\t<\/div>\n\t\t\t\t\t\t\t\t\t<\/div>\n\t\t\t<\/div>\n\t\t<\/div><div class=\"col post-item\" >\n\t\t\t<div class=\"col-inner\">\n\t\t\t\t<div class=\"box box-normal box-text-bottom box-blog-post has-hover\">\n            \t\t\t\t\t<div class=\"box-image\" >\n  \t\t\t\t\t\t<div class=\"image-cover\" style=\"padding-top:56.25%;\">\n\t\t\t\t\t\t\t<a href=\"https:\/\/voilareunion.re\/?p=131\" class=\"plain\" aria-label=\"Die Bourbon-Vanille und die Vanilleplantagen auf La Reunion\">\n\t\t\t\t\t\t\t\t<img loading=\"lazy\" decoding=\"async\" width=\"300\" height=\"202\" src=\"https:\/\/voilareunion.re\/wp-content\/uploads\/2024\/07\/Vanilla-Pods-300x202.png\" class=\"attachment-medium size-medium wp-post-image\" alt=\"\" srcset=\"https:\/\/voilareunion.re\/wp-content\/uploads\/2024\/07\/Vanilla-Pods-300x202.png 300w, https:\/\/voilareunion.re\/wp-content\/uploads\/2024\/07\/Vanilla-Pods.png 589w\" sizes=\"auto, (max-width: 300px) 100vw, 300px\" \/>\t\t\t\t\t\t\t<\/a>\n  \t\t\t\t\t\t\t  \t\t\t\t\t\t\t  \t\t\t\t\t\t<\/div>\n  \t\t\t\t\t\t  \t\t\t\t\t<\/div>\n          \t\t\t\t\t<div class=\"box-text text-center\" >\n\t\t\t\t\t<div class=\"box-text-inner blog-post-inner\">\n\n\t\t\t\t\t\n\t\t\t\t\t\t\t\t\t\t<h5 class=\"post-title is-large \">\n\t\t\t\t\t\t<a href=\"https:\/\/voilareunion.re\/?p=131\" class=\"plain\">Die Bourbon-Vanille und die Vanilleplantagen auf La Reunion<\/a>\n\t\t\t\t\t<\/h5>\n\t\t\t\t\t\t\t\t\t\t<div class=\"is-divider\"><\/div>\n\t\t\t\t\t                    \n\t\t\t\t\t\n\t\t\t\t\t\n\t\t\t\t\t<\/div>\n\t\t\t\t\t<\/div>\n\t\t\t\t\t\t\t\t\t<\/div>\n\t\t\t<\/div>\n\t\t<\/div><\/div>\n\n\n\t\t<\/div>\n\t\t\t\t\t<\/div>\n\n\t\n\n<\/div>\n\n\n\t\t<\/div>\n\t\t\t\t\t<\/div>\n\n\t\n\n<\/div>\n\n\t\t<\/div>\n\t\t\t\t\t<\/div>\n\n\t\n\n<\/div>\n\n","protected":false},"excerpt":{"rendered":"","protected":false},"author":2,"featured_media":0,"parent":0,"menu_order":0,"comment_status":"closed","ping_status":"closed","template":"","meta":{"footnotes":""},"yst_prominent_words":[33,59,35,31,36],"class_list":["post-575","page","type-page","status-publish","hentry"],"_links":{"self":[{"href":"https:\/\/voilareunion.re\/index.php?rest_route=\/wp\/v2\/pages\/575","targetHints":{"allow":["GET"]}}],"collection":[{"href":"https:\/\/voilareunion.re\/index.php?rest_route=\/wp\/v2\/pages"}],"about":[{"href":"https:\/\/voilareunion.re\/index.php?rest_route=\/wp\/v2\/types\/page"}],"author":[{"embeddable":true,"href":"https:\/\/voilareunion.re\/index.php?rest_route=\/wp\/v2\/users\/2"}],"replies":[{"embeddable":true,"href":"https:\/\/voilareunion.re\/index.php?rest_route=%2Fwp%2Fv2%2Fcomments&post=575"}],"version-history":[{"count":13,"href":"https:\/\/voilareunion.re\/index.php?rest_route=\/wp\/v2\/pages\/575\/revisions"}],"predecessor-version":[{"id":956,"href":"https:\/\/voilareunion.re\/index.php?rest_route=\/wp\/v2\/pages\/575\/revisions\/956"}],"wp:attachment":[{"href":"https:\/\/voilareunion.re\/index.php?rest_route=%2Fwp%2Fv2%2Fmedia&parent=575"}],"wp:term":[{"taxonomy":"yst_prominent_words","embeddable":true,"href":"https:\/\/voilareunion.re\/index.php?rest_route=%2Fwp%2Fv2%2Fyst_prominent_words&post=575"}],"curies":[{"name":"wp","href":"https:\/\/api.w.org\/{rel}","templated":true}]}}