{"id":606,"date":"2024-07-31T21:13:33","date_gmt":"2024-07-31T20:13:33","guid":{"rendered":"https:\/\/voilareunion.re\/?page_id=606"},"modified":"2024-09-25T19:27:29","modified_gmt":"2024-09-25T18:27:29","slug":"unsere-touren","status":"publish","type":"page","link":"https:\/\/voilareunion.re\/?page_id=606","title":{"rendered":"Unsere Touren"},"content":{"rendered":"\n<div class=\"container section-title-container\" ><h1 class=\"section-title section-title-normal\"><b><\/b><span class=\"section-title-main\" >Unser Angebot<\/span><b><\/b><\/h1><\/div>\n\n<div class=\"row\"  id=\"row-522026452\">\n\n\n<\/div>\n<div class=\"row\"  id=\"row-2027795508\">\n\n\n\t<div id=\"col-77251448\" class=\"col medium-6 small-12 large-6\"  >\n\t\t\t\t<div class=\"col-inner\"  >\n\t\t\t\n\t\t\t\n\n\t<div class=\"img has-hover x md-x lg-x y md-y lg-y\" id=\"image_1934617876\">\n\t\t<a class=\"\" href=\"\/touren-und-aktivitaeten-auf-der-insel-la-reunion\/\" >\t\t\t\t\t\t<div class=\"img-inner dark\" >\n\t\t\t<img loading=\"lazy\" decoding=\"async\" width=\"1020\" height=\"255\" src=\"https:\/\/voilareunion.re\/wp-content\/uploads\/2024\/07\/Touren-La-Reunion-1024x256.png\" class=\"attachment-large size-large\" alt=\"Touren, Aktivitaeten, Guides\" srcset=\"https:\/\/voilareunion.re\/wp-content\/uploads\/2024\/07\/Touren-La-Reunion-1024x256.png 1024w, https:\/\/voilareunion.re\/wp-content\/uploads\/2024\/07\/Touren-La-Reunion-300x75.png 300w, https:\/\/voilareunion.re\/wp-content\/uploads\/2024\/07\/Touren-La-Reunion-768x192.png 768w, https:\/\/voilareunion.re\/wp-content\/uploads\/2024\/07\/Touren-La-Reunion-1536x384.png 1536w, https:\/\/voilareunion.re\/wp-content\/uploads\/2024\/07\/Touren-La-Reunion.png 1584w\" sizes=\"auto, (max-width: 1020px) 100vw, 1020px\" \/>\t\t\t\t\t\t\n\t\t\t\t\t<\/div>\n\t\t\t\t\t\t<\/a>\t\t\n<style>\n#image_1934617876 {\n  width: 100%;\n}\n<\/style>\n\t<\/div>\n\t\n\n<p>Entdecken Sie die besten Touren und Aktivit\u00e4ten auf der Insel La R\u00e9union f\u00fcr ein unvergessliches Abenteuer! &#8222;<\/p>\n\n\n\t\t<\/div>\n\t\t\t\t\t<\/div>\n\n\t\n\n\t<div id=\"col-1054314641\" class=\"col medium-6 small-12 large-6\"  >\n\t\t\t\t<div class=\"col-inner\"  >\n\t\t\t\n\t\t\t\n\n\t<div class=\"img has-hover x md-x lg-x y md-y lg-y\" id=\"image_367911722\">\n\t\t<a class=\"\" href=\"https:\/\/voilareunion.re\/pauschalreisen-nach-la-reunion\/\" >\t\t\t\t\t\t<div class=\"img-inner dark\" >\n\t\t\t<img loading=\"lazy\" decoding=\"async\" width=\"1020\" height=\"255\" src=\"https:\/\/voilareunion.re\/wp-content\/uploads\/2024\/07\/Pauschalreisen-La-Reunion-1024x256.png\" class=\"attachment-large size-large\" alt=\"Pauschalreisen, Ferienpakete, Kreuzfahrtschiffe und mehr\" srcset=\"https:\/\/voilareunion.re\/wp-content\/uploads\/2024\/07\/Pauschalreisen-La-Reunion-1024x256.png 1024w, https:\/\/voilareunion.re\/wp-content\/uploads\/2024\/07\/Pauschalreisen-La-Reunion-300x75.png 300w, https:\/\/voilareunion.re\/wp-content\/uploads\/2024\/07\/Pauschalreisen-La-Reunion-768x192.png 768w, https:\/\/voilareunion.re\/wp-content\/uploads\/2024\/07\/Pauschalreisen-La-Reunion-1536x384.png 1536w, https:\/\/voilareunion.re\/wp-content\/uploads\/2024\/07\/Pauschalreisen-La-Reunion.png 1584w\" sizes=\"auto, (max-width: 1020px) 100vw, 1020px\" \/>\t\t\t\t\t\t\n\t\t\t\t\t<\/div>\n\t\t\t\t\t\t<\/a>\t\t\n<style>\n#image_367911722 {\n  width: 100%;\n}\n<\/style>\n\t<\/div>\n\t\n\n<p>Entdecken Sie die besten Pauschalreisen und Kreuzfahrten nach La R\u00e9union f\u00fcr ein entspanntes Erlebnis!<\/p>\n\n\n\t\t<\/div>\n\t\t\t\t\t<\/div>\n\n\t\n\n<\/div>\n<div class=\"row\"  id=\"row-1454919407\">\n\n\n\t<div id=\"col-1621254661\" class=\"col medium-6 small-12 large-6\"  >\n\t\t\t\t<div class=\"col-inner\"  >\n\t\t\t\n\t\t\t\n\n\t<div class=\"img has-hover x md-x lg-x y md-y lg-y\" id=\"image_505263029\">\n\t\t<a class=\"\" href=\"https:\/\/voilareunion.re\/fluege-nach-der-insel-reunion\/\" >\t\t\t\t\t\t<div class=\"img-inner dark\" >\n\t\t\t<img loading=\"lazy\" decoding=\"async\" width=\"1020\" height=\"255\" src=\"https:\/\/voilareunion.re\/wp-content\/uploads\/2024\/07\/Fluege-La-Reunion-1024x256.png\" class=\"attachment-large size-large\" alt=\"Fluege, Flug, Flugzeuge, Reisen\" srcset=\"https:\/\/voilareunion.re\/wp-content\/uploads\/2024\/07\/Fluege-La-Reunion-1024x256.png 1024w, https:\/\/voilareunion.re\/wp-content\/uploads\/2024\/07\/Fluege-La-Reunion-300x75.png 300w, https:\/\/voilareunion.re\/wp-content\/uploads\/2024\/07\/Fluege-La-Reunion-768x192.png 768w, https:\/\/voilareunion.re\/wp-content\/uploads\/2024\/07\/Fluege-La-Reunion-1536x384.png 1536w, https:\/\/voilareunion.re\/wp-content\/uploads\/2024\/07\/Fluege-La-Reunion.png 1584w\" sizes=\"auto, (max-width: 1020px) 100vw, 1020px\" \/>\t\t\t\t\t\t\n\t\t\t\t\t<\/div>\n\t\t\t\t\t\t<\/a>\t\t\n<style>\n#image_505263029 {\n  width: 100%;\n}\n<\/style>\n\t<\/div>\n\t\n\n<p>Sichern Sie sich die besten Fl\u00fcge nach La R\u00e9union und starten Sie Ihr Inselabenteuer!<\/p>\n\n\n\t\t<\/div>\n\t\t\t\t\t<\/div>\n\n\t\n\n\t<div id=\"col-1048420718\" class=\"col medium-6 small-12 large-6\"  >\n\t\t\t\t<div class=\"col-inner\"  >\n\t\t\t\n\t\t\t\n\n\t<div class=\"img has-hover x md-x lg-x y md-y lg-y\" id=\"image_2082496678\">\n\t\t<a class=\"\" href=\"https:\/\/voilareunion.re\/ferien-zu-traumen\/\" >\t\t\t\t\t\t<div class=\"img-inner dark\" >\n\t\t\t<img loading=\"lazy\" decoding=\"async\" width=\"1020\" height=\"255\" src=\"https:\/\/voilareunion.re\/wp-content\/uploads\/2024\/07\/Ferienunterkuenfte-La-Reunion-1024x256.png\" class=\"attachment-large size-large\" alt=\"Unterkuenfte, Ferienwohnungen, Hotels und mehr\" srcset=\"https:\/\/voilareunion.re\/wp-content\/uploads\/2024\/07\/Ferienunterkuenfte-La-Reunion-1024x256.png 1024w, https:\/\/voilareunion.re\/wp-content\/uploads\/2024\/07\/Ferienunterkuenfte-La-Reunion-300x75.png 300w, https:\/\/voilareunion.re\/wp-content\/uploads\/2024\/07\/Ferienunterkuenfte-La-Reunion-768x192.png 768w, https:\/\/voilareunion.re\/wp-content\/uploads\/2024\/07\/Ferienunterkuenfte-La-Reunion-1536x384.png 1536w, https:\/\/voilareunion.re\/wp-content\/uploads\/2024\/07\/Ferienunterkuenfte-La-Reunion.png 1584w\" sizes=\"auto, (max-width: 1020px) 100vw, 1020px\" \/>\t\t\t\t\t\t\n\t\t\t\t\t<\/div>\n\t\t\t\t\t\t<\/a>\t\t\n<style>\n#image_2082496678 {\n  width: 100%;\n}\n<\/style>\n\t<\/div>\n\t\n\n<p>G\u00f6nnen Sie sich traumhafte Ferien auf der Insel La R\u00e9union, wo Ihre Urlaubstr\u00e4ume wahr werden!<\/p>\n\n\n\t\t<\/div>\n\t\t\t\t\t<\/div>\n\n\t\n\n<\/div>\n<div class=\"row\"  id=\"row-2027348070\">\n\n\n\t<div id=\"col-541501927\" class=\"col medium-6 small-12 large-6\"  >\n\t\t\t\t<div class=\"col-inner\"  >\n\t\t\t\n\t\t\t\n\n\t<div class=\"img has-hover x md-x lg-x y md-y lg-y\" id=\"image_1643581831\">\n\t\t<a class=\"\" href=\"https:\/\/voilareunion.re\/autovermietung\/\" >\t\t\t\t\t\t<div class=\"img-inner dark\" >\n\t\t\t<img loading=\"lazy\" decoding=\"async\" width=\"1020\" height=\"255\" src=\"https:\/\/voilareunion.re\/wp-content\/uploads\/2024\/07\/Autovermietung-La-Reunion-1024x256.png\" class=\"attachment-large size-large\" alt=\"Autovermietung, Auto mieten, Fahrzeuge, Autovermietung\" srcset=\"https:\/\/voilareunion.re\/wp-content\/uploads\/2024\/07\/Autovermietung-La-Reunion-1024x256.png 1024w, https:\/\/voilareunion.re\/wp-content\/uploads\/2024\/07\/Autovermietung-La-Reunion-300x75.png 300w, https:\/\/voilareunion.re\/wp-content\/uploads\/2024\/07\/Autovermietung-La-Reunion-768x192.png 768w, https:\/\/voilareunion.re\/wp-content\/uploads\/2024\/07\/Autovermietung-La-Reunion-1536x384.png 1536w, https:\/\/voilareunion.re\/wp-content\/uploads\/2024\/07\/Autovermietung-La-Reunion.png 1584w\" sizes=\"auto, (max-width: 1020px) 100vw, 1020px\" \/>\t\t\t\t\t\t\n\t\t\t\t\t<\/div>\n\t\t\t\t\t\t<\/a>\t\t\n<style>\n#image_1643581831 {\n  width: 100%;\n}\n<\/style>\n\t<\/div>\n\t\n\n<p>Finden Sie das perfekte Fahrzeug f\u00fcr Ihre Entdeckungsreise auf La R\u00e9union!<\/p>\n\n\n\t\t<\/div>\n\t\t\t\t\t<\/div>\n\n\t\n\n\t<div id=\"col-341452885\" class=\"col medium-6 small-12 large-6\"  >\n\t\t\t\t<div class=\"col-inner\"  >\n\t\t\t\n\t\t\t\n\n\t<div class=\"img has-hover x md-x lg-x y md-y lg-y\" id=\"image_1835942475\">\n\t\t<a class=\"\" href=\"https:\/\/voilareunion.re\/blog\/\" >\t\t\t\t\t\t<div class=\"img-inner dark\" >\n\t\t\t<img loading=\"lazy\" decoding=\"async\" width=\"1020\" height=\"255\" src=\"https:\/\/voilareunion.re\/wp-content\/uploads\/2024\/08\/visit-our-blog-1024x256.jpg\" class=\"attachment-large size-large\" alt=\"\" srcset=\"https:\/\/voilareunion.re\/wp-content\/uploads\/2024\/08\/visit-our-blog-1024x256.jpg 1024w, https:\/\/voilareunion.re\/wp-content\/uploads\/2024\/08\/visit-our-blog-300x75.jpg 300w, https:\/\/voilareunion.re\/wp-content\/uploads\/2024\/08\/visit-our-blog-768x192.jpg 768w, https:\/\/voilareunion.re\/wp-content\/uploads\/2024\/08\/visit-our-blog-1536x384.jpg 1536w, https:\/\/voilareunion.re\/wp-content\/uploads\/2024\/08\/visit-our-blog.jpg 1584w\" sizes=\"auto, (max-width: 1020px) 100vw, 1020px\" \/>\t\t\t\t\t\t\n\t\t\t\t\t<\/div>\n\t\t\t\t\t\t<\/a>\t\t\n<style>\n#image_1835942475 {\n  width: 100%;\n}\n<\/style>\n\t<\/div>\n\t\n\n<p>Entdecken Sie spannende Einblicke und Tipps in unseren neuesten Blog-Artikeln \u00fcber La R\u00e9union!<\/p>\n\n\n\t\t<\/div>\n\t\t\t\t\t<\/div>\n\n\t\n\n<\/div>\n\n","protected":false},"excerpt":{"rendered":"","protected":false},"author":1,"featured_media":0,"parent":0,"menu_order":0,"comment_status":"closed","ping_status":"closed","template":"","meta":{"footnotes":""},"yst_prominent_words":[],"class_list":["post-606","page","type-page","status-publish","hentry"],"_links":{"self":[{"href":"https:\/\/voilareunion.re\/index.php?rest_route=\/wp\/v2\/pages\/606","targetHints":{"allow":["GET"]}}],"collection":[{"href":"https:\/\/voilareunion.re\/index.php?rest_route=\/wp\/v2\/pages"}],"about":[{"href":"https:\/\/voilareunion.re\/index.php?rest_route=\/wp\/v2\/types\/page"}],"author":[{"embeddable":true,"href":"https:\/\/voilareunion.re\/index.php?rest_route=\/wp\/v2\/users\/1"}],"replies":[{"embeddable":true,"href":"https:\/\/voilareunion.re\/index.php?rest_route=%2Fwp%2Fv2%2Fcomments&post=606"}],"version-history":[{"count":17,"href":"https:\/\/voilareunion.re\/index.php?rest_route=\/wp\/v2\/pages\/606\/revisions"}],"predecessor-version":[{"id":971,"href":"https:\/\/voilareunion.re\/index.php?rest_route=\/wp\/v2\/pages\/606\/revisions\/971"}],"wp:attachment":[{"href":"https:\/\/voilareunion.re\/index.php?rest_route=%2Fwp%2Fv2%2Fmedia&parent=606"}],"wp:term":[{"taxonomy":"yst_prominent_words","embeddable":true,"href":"https:\/\/voilareunion.re\/index.php?rest_route=%2Fwp%2Fv2%2Fyst_prominent_words&post=606"}],"curies":[{"name":"wp","href":"https:\/\/api.w.org\/{rel}","templated":true}]}}