{"id":784,"date":"2024-08-08T20:44:27","date_gmt":"2024-08-08T19:44:27","guid":{"rendered":"https:\/\/voilareunion.re\/vacances-de-reve\/"},"modified":"2024-09-26T08:05:23","modified_gmt":"2024-09-26T07:05:23","slug":"vacances-de-reve","status":"publish","type":"page","link":"https:\/\/voilareunion.re\/?page_id=784&lang=fr","title":{"rendered":"Vacances de R\u00eave"},"content":{"rendered":"\n<div class=\"row\"  id=\"row-602611016\">\n\n\n\t<div id=\"col-1285730294\" class=\"col medium-9 small-12 large-9\"  >\n\t\t\t\t<div class=\"col-inner\"  >\n\t\t\t\n\t\t\t\n\n<div class=\"container section-title-container\" ><h1 class=\"section-title section-title-normal\"><b><\/b><span class=\"section-title-main\" >Des vacances de r\u00eave - h\u00e9bergement<\/span><b><\/b><\/h1><\/div>\n\n<h3>Les meilleurs endroits o\u00f9 s\u00e9journer \u00e0 la R\u00e9union : un guide<\/h3>\n<div> <\/div>\n<div>Bienvenue \u00e0 La R\u00e9union, paradis de l&#8217;oc\u00e9an Indien qui attire chaque ann\u00e9e de plus en plus de voyageurs. Mais avant de vous lancer dans l\u2019aventure, il vous faut un logement adapt\u00e9. Cet article vous fera un tour d\u2019horizon des diff\u00e9rents types d\u2019h\u00e9bergements \u00e0 La R\u00e9union pour rendre votre s\u00e9jour inoubliable.   <\/div>\n<div> <\/div>\n<h3> Vari\u00e9t\u00e9 d&#8217;h\u00e9bergements \u00e0 la R\u00e9union<\/h3>\n<div>Que vous recherchiez le luxe ou simplement un endroit confortable o\u00f9 s\u00e9journer pendant vos aventures, l&#8217;\u00eele de la R\u00e9union offre l&#8217;h\u00e9bergement parfait pour chaque voyageur. Voici quelques-unes des options les plus populaires : <\/div>\n<div> <\/div>\n<h3><strong>1. H\u00f4tels<\/strong><\/h3>\n<div>Les h\u00f4tels de la R\u00e9union offrent confort et commodit\u00e9. Des h\u00f4tels de luxe avec vue sur la mer aux petits h\u00f4tels-boutiques inspir\u00e9s de la culture locale, le choix est vaste. Surtout dans les grandes villes comme Saint-Denis ou Saint-Gilles-les-Bains, vous trouverez de nombreux h\u00f4tels offrant toutes les commodit\u00e9s pour des vacances reposantes.   <\/div>\n<div> <\/div>\n<div>Avantages :<\/div>\n<div>&#8211; Grand confort et \u00e9quipement complet<\/div>\n<div>&#8211; Souvent directement sur la plage<\/div>\n<div>&#8211; Service 24 heures sur 24<\/div>\n<div> <\/div>\n<h3>2. Maisons et appartements de vacances<\/h3>\n<div>Pour les voyageurs qui pr\u00e9f\u00e8rent \u00eatre ind\u00e9pendants, les locations de vacances et les appartements offrent une solution flexible. Ces propri\u00e9t\u00e9s sont parfaites si vous souhaitez personnaliser votre s\u00e9jour, de la pr\u00e9paration de vos propres repas cr\u00e9oles aux horaires d&#8217;enregistrement flexibles. <\/div>\n<div> <\/div>\n<div>Avantages :<\/div>\n<div>&#8211; Id\u00e9al pour les familles ou les s\u00e9jours plus longs<\/div>\n<div>&#8211; Plus d&#8217;espace et d&#8217;intimit\u00e9<\/div>\n<div>&#8211; Possibilit\u00e9 de restauration autonome<\/div>\n<div> <\/div>\n<h3>3. Chambres d&#8217;h\u00f4tes et chambres d&#8217;h\u00f4tes<\/h3>\n<div>Pour ceux qui souhaitent d\u00e9couvrir la vie authentique \u00e0 la R\u00e9union, les chambres d&#8217;h\u00f4tes et les chambres d&#8217;h\u00f4tes sont le choix id\u00e9al. Souvent tenus par des locaux, ils offrent une ambiance chaleureuse et la possibilit\u00e9 d&#8217;entrer en contact direct avec la culture locale. <\/div>\n<div> <\/div>\n<div>Avantages :<\/div>\n<div>&#8211; Service personnalis\u00e9 et souvent petit-d\u00e9jeuner inclus<\/div>\n<div>&#8211; Contact direct avec les locaux<\/div>\n<div>&#8211; Des exp\u00e9riences authentiques et r\u00e9gionales<\/div>\n<div> <\/div>\n<h3> 4. Eco-lodges et h\u00e9bergements nature<\/h3>\n<div>L&#8217;\u00eele de La R\u00e9union est connue pour sa nature \u00e0 couper le souffle, et quoi de mieux que de s\u00e9journer dans un \u00e9co-lodge ? Ces h\u00e9bergements respectueux de l&#8217;environnement offrent une occasion unique de d\u00e9couvrir de pr\u00e8s la nature de l&#8217;\u00eele tout en soutenant le voyage durable. <\/div>\n<div> <\/div>\n<div>Avantages :<\/div>\n<div>&#8211; La durabilit\u00e9 au centre des pr\u00e9occupations<\/div>\n<div>&#8211; Emplacement unique en pleine nature<\/div>\n<div>&#8211; Id\u00e9al pour les amoureux de la nature et les chercheurs d&#8217;aventure<\/div>\n<div> <\/div>\n<h3> Comment trouver le logement id\u00e9al ?<\/h3>\n<div>Le choix du bon h\u00e9bergement d\u00e9pend de vos pr\u00e9f\u00e9rences personnelles et de vos projets de voyage. Envie de d\u00e9tente ou souhaitez-vous explorer les paysages volcaniques et les for\u00eats tropicales ?  <\/div>\n<div> <\/div>\n<div><strong>&#8211; Pour les amoureux de la plage :<\/strong> Les h\u00f4tels et resorts de Saint-Gilles-les-Bains, par exemple, sont id\u00e9aux pour des vacances reposantes au bord de la mer.<\/div>\n<div><strong>&#8211; <\/strong><strong>Pour les aventuriers <\/strong>: Les maisons d&#8217;h\u00f4tes des r\u00e9gions montagneuses, comme Cilaos ou Hell-Bourg, offrent un acc\u00e8s direct aux sentiers de randonn\u00e9e et aux volcans \u00e0 couper le souffle de l&#8217;\u00eele.<\/div>\n<div><strong>&#8211; Pour les familles :<\/strong> les appartements de vacances offrent suffisamment d&#8217;espace et la flexibilit\u00e9 n\u00e9cessaire pour planifier les vacances en fonction des besoins de toute la famille.<\/div>\n<div> <\/div>\n<div> <\/div>\n<div>La R\u00e9union propose des h\u00e9bergements pour tous les go\u00fbts et tous les budgets, il ne vous reste plus qu&#8217;\u00e0 choisir celui qui vous convient !<\/div>\n\n\n\t\t<\/div>\n\t\t\t\t\t<\/div>\n\n\t\n\n\t<div id=\"col-1390208052\" class=\"col medium-3 small-12 large-3\"  >\n\t\t\t\t<div class=\"col-inner\"  >\n\t\t\t\n\t\t\t\n\n<p><!-- FareHarbor item grid of flow #1251635 --><br>\n<script src=\"https:\/\/fareharbor.com\/embeds\/script\/items\/voilareunion\/?full-items=yes&amp;fallback=simple&amp;flow=1251635\"><\/script><\/p>\n\n\t\t<\/div>\n\t\t\t\t\t<\/div>\n\n\t\n\n<\/div>\n\n","protected":false},"excerpt":{"rendered":"","protected":false},"author":1,"featured_media":0,"parent":0,"menu_order":0,"comment_status":"closed","ping_status":"closed","template":"","meta":{"footnotes":""},"yst_prominent_words":[59,31,36],"class_list":["post-784","page","type-page","status-publish","hentry"],"_links":{"self":[{"href":"https:\/\/voilareunion.re\/index.php?rest_route=\/wp\/v2\/pages\/784","targetHints":{"allow":["GET"]}}],"collection":[{"href":"https:\/\/voilareunion.re\/index.php?rest_route=\/wp\/v2\/pages"}],"about":[{"href":"https:\/\/voilareunion.re\/index.php?rest_route=\/wp\/v2\/types\/page"}],"author":[{"embeddable":true,"href":"https:\/\/voilareunion.re\/index.php?rest_route=\/wp\/v2\/users\/1"}],"replies":[{"embeddable":true,"href":"https:\/\/voilareunion.re\/index.php?rest_route=%2Fwp%2Fv2%2Fcomments&post=784"}],"version-history":[{"count":4,"href":"https:\/\/voilareunion.re\/index.php?rest_route=\/wp\/v2\/pages\/784\/revisions"}],"predecessor-version":[{"id":1005,"href":"https:\/\/voilareunion.re\/index.php?rest_route=\/wp\/v2\/pages\/784\/revisions\/1005"}],"wp:attachment":[{"href":"https:\/\/voilareunion.re\/index.php?rest_route=%2Fwp%2Fv2%2Fmedia&parent=784"}],"wp:term":[{"taxonomy":"yst_prominent_words","embeddable":true,"href":"https:\/\/voilareunion.re\/index.php?rest_route=%2Fwp%2Fv2%2Fyst_prominent_words&post=784"}],"curies":[{"name":"wp","href":"https:\/\/api.w.org\/{rel}","templated":true}]}}