{"id":797,"date":"2024-08-08T20:53:59","date_gmt":"2024-08-08T19:53:59","guid":{"rendered":"https:\/\/voilareunion.re\/nos-tours-guides\/"},"modified":"2024-09-26T20:53:57","modified_gmt":"2024-09-26T19:53:57","slug":"nos-tours-guides","status":"publish","type":"page","link":"https:\/\/voilareunion.re\/?page_id=797&lang=fr","title":{"rendered":"Nos Tours Guid\u00e9s"},"content":{"rendered":"\n<div class=\"container section-title-container\" ><h1 class=\"section-title section-title-normal\"><b><\/b><span class=\"section-title-main\" >Nos Tours Guid\u00e9s<\/span><b><\/b><\/h1><\/div>\n\n<div class=\"row\"  id=\"row-2081840760\">\n\n\n\t<div id=\"col-1906578267\" class=\"col medium-6 small-12 large-6\"  >\n\t\t\t\t<div class=\"col-inner\"  >\n\t\t\t\n\t\t\t\n\n\t<div class=\"img has-hover x md-x lg-x y md-y lg-y\" id=\"image_134751445\">\n\t\t<a class=\"\" href=\"https:\/\/voilareunion.re\/visites-et-activites-a-la-reunion\/?lang=fr\" >\t\t\t\t\t\t<div class=\"img-inner dark\" >\n\t\t\t<img loading=\"lazy\" decoding=\"async\" width=\"1020\" height=\"255\" src=\"https:\/\/voilareunion.re\/wp-content\/uploads\/2024\/08\/8-3-1024x256.jpg\" class=\"attachment-large size-large\" alt=\"Touren, Aktivitaeten, Guides\" srcset=\"https:\/\/voilareunion.re\/wp-content\/uploads\/2024\/08\/8-3-1024x256.jpg 1024w, https:\/\/voilareunion.re\/wp-content\/uploads\/2024\/08\/8-3-300x75.jpg 300w, https:\/\/voilareunion.re\/wp-content\/uploads\/2024\/08\/8-3-768x192.jpg 768w, https:\/\/voilareunion.re\/wp-content\/uploads\/2024\/08\/8-3-1536x384.jpg 1536w, https:\/\/voilareunion.re\/wp-content\/uploads\/2024\/08\/8-3.jpg 1584w\" sizes=\"auto, (max-width: 1020px) 100vw, 1020px\" \/>\t\t\t\t\t\t\n\t\t\t\t\t<\/div>\n\t\t\t\t\t\t<\/a>\t\t\n<style>\n#image_134751445 {\n  width: 100%;\n}\n<\/style>\n\t<\/div>\n\t\n\n<p>D\u00e9couvrez les meilleures excursions et activit\u00e9s sur l&#8217;\u00eele de La R\u00e9union pour une aventure inoubliable !<\/p>\n\n\t\t<\/div>\n\t\t\t\t\t<\/div>\n\n\t\n\n\t<div id=\"col-2016272413\" class=\"col medium-6 small-12 large-6\"  >\n\t\t\t\t<div class=\"col-inner\"  >\n\t\t\t\n\t\t\t\n\n\t<div class=\"img has-hover x md-x lg-x y md-y lg-y\" id=\"image_1045546774\">\n\t\t<a class=\"\" href=\"https:\/\/voilareunion.re\/forfaits-vacances-a-la-reunion\/?lang=fr\" >\t\t\t\t\t\t<div class=\"img-inner dark\" >\n\t\t\t<img loading=\"lazy\" decoding=\"async\" width=\"1020\" height=\"255\" src=\"https:\/\/voilareunion.re\/wp-content\/uploads\/2024\/08\/3-3-1024x256.jpg\" class=\"attachment-large size-large\" alt=\"Pauschalreisen, Ferienpakete, Kreuzfahrtschiffe und mehr\" srcset=\"https:\/\/voilareunion.re\/wp-content\/uploads\/2024\/08\/3-3-1024x256.jpg 1024w, https:\/\/voilareunion.re\/wp-content\/uploads\/2024\/08\/3-3-300x75.jpg 300w, https:\/\/voilareunion.re\/wp-content\/uploads\/2024\/08\/3-3-768x192.jpg 768w, https:\/\/voilareunion.re\/wp-content\/uploads\/2024\/08\/3-3-1536x384.jpg 1536w, https:\/\/voilareunion.re\/wp-content\/uploads\/2024\/08\/3-3.jpg 1584w\" sizes=\"auto, (max-width: 1020px) 100vw, 1020px\" \/>\t\t\t\t\t\t\n\t\t\t\t\t<\/div>\n\t\t\t\t\t\t<\/a>\t\t\n<style>\n#image_1045546774 {\n  width: 100%;\n}\n<\/style>\n\t<\/div>\n\t\n\n<p>D\u00e9couvrez les meilleures offres de voyages et croisi\u00e8res vers La R\u00e9union pour une exp\u00e9rience relaxante !<\/p>\n\n\t\t<\/div>\n\t\t\t\t\t<\/div>\n\n\t\n\n<\/div>\n<div class=\"row\"  id=\"row-1492119122\">\n\n\n\t<div id=\"col-1455372351\" class=\"col medium-6 small-12 large-6\"  >\n\t\t\t\t<div class=\"col-inner\"  >\n\t\t\t\n\t\t\t\n\n\t<div class=\"img has-hover x md-x lg-x y md-y lg-y\" id=\"image_1508066083\">\n\t\t<a class=\"\" href=\"https:\/\/voilareunion.re\/?page_id=252&#038;lang=fr\" >\t\t\t\t\t\t<div class=\"img-inner dark\" >\n\t\t\t<img loading=\"lazy\" decoding=\"async\" width=\"1020\" height=\"255\" src=\"https:\/\/voilareunion.re\/wp-content\/uploads\/2024\/08\/10-3-1024x256.jpg\" class=\"attachment-large size-large\" alt=\"Fluege, Flug, Flugzeuge, Reisen\" srcset=\"https:\/\/voilareunion.re\/wp-content\/uploads\/2024\/08\/10-3-1024x256.jpg 1024w, https:\/\/voilareunion.re\/wp-content\/uploads\/2024\/08\/10-3-300x75.jpg 300w, https:\/\/voilareunion.re\/wp-content\/uploads\/2024\/08\/10-3-768x192.jpg 768w, https:\/\/voilareunion.re\/wp-content\/uploads\/2024\/08\/10-3-1536x384.jpg 1536w, https:\/\/voilareunion.re\/wp-content\/uploads\/2024\/08\/10-3.jpg 1584w\" sizes=\"auto, (max-width: 1020px) 100vw, 1020px\" \/>\t\t\t\t\t\t\n\t\t\t\t\t<\/div>\n\t\t\t\t\t\t<\/a>\t\t\n<style>\n#image_1508066083 {\n  width: 100%;\n}\n<\/style>\n\t<\/div>\n\t\n\n<p>R\u00e9servez les meilleurs vols pour La R\u00e9union et commencez votre aventure insulaire !<\/p>\n\n\t\t<\/div>\n\t\t\t\t\t<\/div>\n\n\t\n\n\t<div id=\"col-1576829011\" class=\"col medium-6 small-12 large-6\"  >\n\t\t\t\t<div class=\"col-inner\"  >\n\t\t\t\n\t\t\t\n\n\t<div class=\"img has-hover x md-x lg-x y md-y lg-y\" id=\"image_1843534399\">\n\t\t<a class=\"\" href=\"https:\/\/voilareunion.re\/vacances-de-reve\/?lang=fr\" >\t\t\t\t\t\t<div class=\"img-inner dark\" >\n\t\t\t<img loading=\"lazy\" decoding=\"async\" width=\"1020\" height=\"255\" src=\"https:\/\/voilareunion.re\/wp-content\/uploads\/2024\/08\/2-3-1024x256.jpg\" class=\"attachment-large size-large\" alt=\"Unterkuenfte, Ferienwohnungen, Hotels und mehr\" srcset=\"https:\/\/voilareunion.re\/wp-content\/uploads\/2024\/08\/2-3-1024x256.jpg 1024w, https:\/\/voilareunion.re\/wp-content\/uploads\/2024\/08\/2-3-300x75.jpg 300w, https:\/\/voilareunion.re\/wp-content\/uploads\/2024\/08\/2-3-768x192.jpg 768w, https:\/\/voilareunion.re\/wp-content\/uploads\/2024\/08\/2-3-1536x384.jpg 1536w, https:\/\/voilareunion.re\/wp-content\/uploads\/2024\/08\/2-3.jpg 1584w\" sizes=\"auto, (max-width: 1020px) 100vw, 1020px\" \/>\t\t\t\t\t\t\n\t\t\t\t\t<\/div>\n\t\t\t\t\t\t<\/a>\t\t\n<style>\n#image_1843534399 {\n  width: 100%;\n}\n<\/style>\n\t<\/div>\n\t\n\n<p>Offrez-vous des vacances de r\u00eave sur l&#8217;\u00eele de La R\u00e9union et r\u00e9alisez vos envies d&#8217;\u00e9vasion !<\/p>\n\n\t\t<\/div>\n\t\t\t\t\t<\/div>\n\n\t\n\n<\/div>\n<div class=\"row\"  id=\"row-805870371\">\n\n\n\t<div id=\"col-2134502051\" class=\"col medium-6 small-12 large-6\"  >\n\t\t\t\t<div class=\"col-inner\"  >\n\t\t\t\n\t\t\t\n\n\t<div class=\"img has-hover x md-x lg-x y md-y lg-y\" id=\"image_1971475254\">\n\t\t<a class=\"\" href=\"https:\/\/voilareunion.re\/?page_id=252&#038;lang=fr\" >\t\t\t\t\t\t<div class=\"img-inner dark\" >\n\t\t\t<img loading=\"lazy\" decoding=\"async\" width=\"1020\" height=\"255\" src=\"https:\/\/voilareunion.re\/wp-content\/uploads\/2024\/08\/6-3-1024x256.jpg\" class=\"attachment-large size-large\" alt=\"Autovermietung, Auto mieten, Fahrzeuge, Autovermietung\" srcset=\"https:\/\/voilareunion.re\/wp-content\/uploads\/2024\/08\/6-3-1024x256.jpg 1024w, https:\/\/voilareunion.re\/wp-content\/uploads\/2024\/08\/6-3-300x75.jpg 300w, https:\/\/voilareunion.re\/wp-content\/uploads\/2024\/08\/6-3-768x192.jpg 768w, https:\/\/voilareunion.re\/wp-content\/uploads\/2024\/08\/6-3-1536x384.jpg 1536w, https:\/\/voilareunion.re\/wp-content\/uploads\/2024\/08\/6-3.jpg 1584w\" sizes=\"auto, (max-width: 1020px) 100vw, 1020px\" \/>\t\t\t\t\t\t\n\t\t\t\t\t<\/div>\n\t\t\t\t\t\t<\/a>\t\t\n<style>\n#image_1971475254 {\n  width: 100%;\n}\n<\/style>\n\t<\/div>\n\t\n\n<p>Trouvez le v\u00e9hicule id\u00e9al pour explorer l&#8217;\u00eele de La R\u00e9union !<\/p>\n\n\t\t<\/div>\n\t\t\t\t\t<\/div>\n\n\t\n\n\t<div id=\"col-336695270\" class=\"col medium-6 small-12 large-6\"  >\n\t\t\t\t<div class=\"col-inner\"  >\n\t\t\t\n\t\t\t\n\n\t<div class=\"img has-hover x md-x lg-x y md-y lg-y\" id=\"image_1281961372\">\n\t\t<a class=\"\" href=\"https:\/\/voilareunion.re\/blog\/?lang=fr\" >\t\t\t\t\t\t<div class=\"img-inner dark\" >\n\t\t\t<img loading=\"lazy\" decoding=\"async\" width=\"1020\" height=\"255\" src=\"https:\/\/voilareunion.re\/wp-content\/uploads\/2024\/08\/11-1024x256.jpg\" class=\"attachment-large size-large\" alt=\"\" srcset=\"https:\/\/voilareunion.re\/wp-content\/uploads\/2024\/08\/11-1024x256.jpg 1024w, https:\/\/voilareunion.re\/wp-content\/uploads\/2024\/08\/11-300x75.jpg 300w, https:\/\/voilareunion.re\/wp-content\/uploads\/2024\/08\/11-768x192.jpg 768w, https:\/\/voilareunion.re\/wp-content\/uploads\/2024\/08\/11-1536x384.jpg 1536w, https:\/\/voilareunion.re\/wp-content\/uploads\/2024\/08\/11.jpg 1584w\" sizes=\"auto, (max-width: 1020px) 100vw, 1020px\" \/>\t\t\t\t\t\t\n\t\t\t\t\t<\/div>\n\t\t\t\t\t\t<\/a>\t\t\n<style>\n#image_1281961372 {\n  width: 100%;\n}\n<\/style>\n\t<\/div>\n\t\n\n<p>D\u00e9couvrez des conseils et des r\u00e9cits fascinants dans nos derniers articles de blog sur La R\u00e9union !<\/p>\n\n\t\t<\/div>\n\t\t\t\t\t<\/div>\n\n\t\n\n<\/div>\n\n","protected":false},"excerpt":{"rendered":"","protected":false},"author":1,"featured_media":0,"parent":0,"menu_order":0,"comment_status":"closed","ping_status":"closed","template":"","meta":{"footnotes":""},"yst_prominent_words":[],"class_list":["post-797","page","type-page","status-publish","hentry"],"_links":{"self":[{"href":"https:\/\/voilareunion.re\/index.php?rest_route=\/wp\/v2\/pages\/797","targetHints":{"allow":["GET"]}}],"collection":[{"href":"https:\/\/voilareunion.re\/index.php?rest_route=\/wp\/v2\/pages"}],"about":[{"href":"https:\/\/voilareunion.re\/index.php?rest_route=\/wp\/v2\/types\/page"}],"author":[{"embeddable":true,"href":"https:\/\/voilareunion.re\/index.php?rest_route=\/wp\/v2\/users\/1"}],"replies":[{"embeddable":true,"href":"https:\/\/voilareunion.re\/index.php?rest_route=%2Fwp%2Fv2%2Fcomments&post=797"}],"version-history":[{"count":18,"href":"https:\/\/voilareunion.re\/index.php?rest_route=\/wp\/v2\/pages\/797\/revisions"}],"predecessor-version":[{"id":1033,"href":"https:\/\/voilareunion.re\/index.php?rest_route=\/wp\/v2\/pages\/797\/revisions\/1033"}],"wp:attachment":[{"href":"https:\/\/voilareunion.re\/index.php?rest_route=%2Fwp%2Fv2%2Fmedia&parent=797"}],"wp:term":[{"taxonomy":"yst_prominent_words","embeddable":true,"href":"https:\/\/voilareunion.re\/index.php?rest_route=%2Fwp%2Fv2%2Fyst_prominent_words&post=797"}],"curies":[{"name":"wp","href":"https:\/\/api.w.org\/{rel}","templated":true}]}}